{"id":39,"date":"2017-01-15T19:49:52","date_gmt":"2017-01-15T18:49:52","guid":{"rendered":"http:\/\/trdserver.myds.me\/wordpress\/?page_id=39"},"modified":"2017-04-18T15:07:15","modified_gmt":"2017-04-18T13:07:15","slug":"taltos-online-csomag","status":"publish","type":"page","link":"http:\/\/taltosreklam.hu\/wordpress\/index.php\/taltos-online-csomag\/","title":{"rendered":"T\u00e1ltos Online csomag"},"content":{"rendered":"<p><span style=\"color: #000000;\">Kieg\u00e9sz\u00edt\u0151 megjelen\u00e9sk\u00e9nt, illetve sok esetben ak\u00e1r \u00f6n\u00e1ll\u00f3an is haszn\u00e1lhat\u00f3, egyedi, innovat\u00edv csomagmegold\u00e1sunk, mely biztos\u00edtja a poz\u00edci\u00f3k sz\u00e9lesk\u00f6r\u0171 megjelen\u00e9s\u00e9t, ez\u00e1ltal nagyobb konverzi\u00f3t biztos\u00edtva.<\/span><\/p>\n<p><span style=\"color: #000000;\">A csomag<strong> 8 db oldalt<\/strong> foglal mag\u00e1ban, valamint a <strong>Facebook \u00c1ll\u00e1sNeked<\/strong> oldalunkat.<\/span><\/p>\n<p style=\"text-align: justify;\"><span style=\"color: #000000;\">A facebook oldalunkon lehet\u0151s\u00e9g van a hirdet\u00e9sek c\u00e9lzott megjelentet\u00e9s\u00e9re is, \u00edgy a megadott krit\u00e9riumoknak megfelel\u0151 potenci\u00e1lis jel\u00f6ltek c\u00e9lir\u00e1nyosan \u00e9rhet\u0151ek el a social m\u00e9dia seg\u00edts\u00e9g\u00e9vel.<\/span><\/p>\n<p style=\"text-align: justify;\"><span style=\"color: #000000;\">Az online csomagunk \u00f6sszet\u00e9tele a piaci v\u00e1ltoz\u00e1sok t\u00fckr\u00e9ben h\u00e1rom havonta optimaliz\u00e1l\u00e1sra ker\u00fcl.<\/span><\/p>\n<p style=\"text-align: justify;\"><span style=\"color: #000000;\">A megfelel\u0151 hat\u00e9konys\u00e1g \u00e9rdek\u00e9ben a megadott \u00e1ll\u00e1soldalak mellett az egyes szakm\u00e1k \u00e1ltal l\u00e1togatott weboldalakat, blogokat, f\u00f3rumokat is javasoljuk, \u00edgy a csomag \u00f6sszet\u00e9tele poz\u00edci\u00f3t\u00f3l f\u00fcgg\u0151en is v\u00e1ltozik.<\/span><\/p>\n<p style=\"text-align: justify;\"><span style=\"color: #000000;\"><a href=\"mailto:info@taltosreklam.hu?Subject=Aj\u00e1nlat\" target=\"_top\">K\u00e9rje szem\u00e9lyreszabott aj\u00e1nlatunkat!<\/a><\/span><\/p>\n<p><iframe loading=\"lazy\" style=\"border: none; overflow: hidden;\" src=\"https:\/\/www.facebook.com\/plugins\/page.php?href=https%3A%2F%2Fwww.facebook.com%2F%C3%81ll%C3%A1sNeked-153345198098626%2F&amp;tabs=timeline&amp;width=350&amp;height=400&amp;small_header=true&amp;adapt_container_width=true&amp;hide_cover=false&amp;show_facepile=true&amp;appId\" width=\"360\" height=\"400\" frameborder=\"0\" scrolling=\"no\"><\/iframe><\/p>\n","protected":false},"excerpt":{"rendered":"<p>Kieg\u00e9sz\u00edt\u0151 megjelen\u00e9sk\u00e9nt, illetve sok esetben ak\u00e1r \u00f6n\u00e1ll\u00f3an is haszn\u00e1lhat\u00f3, egyedi, innovat\u00edv csomagmegold\u00e1sunk, mely biztos\u00edtja a poz\u00edci\u00f3k sz\u00e9lesk\u00f6r\u0171 megjelen\u00e9s\u00e9t, ez\u00e1ltal nagyobb konverzi\u00f3t biztos\u00edtva. A csomag 8 db oldalt foglal mag\u00e1ban, valamint a Facebook \u00c1ll\u00e1sNeked oldalunkat. A facebook oldalunkon lehet\u0151s\u00e9g van a hirdet\u00e9sek c\u00e9lzott megjelentet\u00e9s\u00e9re is, \u00edgy a megadott krit\u00e9riumoknak megfelel\u0151 potenci\u00e1lis jel\u00f6ltek c\u00e9lir\u00e1nyosan \u00e9rhet\u0151ek el a <a href=\"http:\/\/taltosreklam.hu\/wordpress\/index.php\/taltos-online-csomag\/\" class=\"read-more inline\">Read More<\/a><\/p>\n","protected":false},"author":1,"featured_media":0,"parent":0,"menu_order":0,"comment_status":"closed","ping_status":"closed","template":"","meta":{"_mc_calendar":[],"footnotes":""},"class_list":["post-39","page","type-page","status-publish","hentry"],"_links":{"self":[{"href":"http:\/\/taltosreklam.hu\/wordpress\/index.php\/wp-json\/wp\/v2\/pages\/39","targetHints":{"allow":["GET"]}}],"collection":[{"href":"http:\/\/taltosreklam.hu\/wordpress\/index.php\/wp-json\/wp\/v2\/pages"}],"about":[{"href":"http:\/\/taltosreklam.hu\/wordpress\/index.php\/wp-json\/wp\/v2\/types\/page"}],"author":[{"embeddable":true,"href":"http:\/\/taltosreklam.hu\/wordpress\/index.php\/wp-json\/wp\/v2\/users\/1"}],"replies":[{"embeddable":true,"href":"http:\/\/taltosreklam.hu\/wordpress\/index.php\/wp-json\/wp\/v2\/comments?post=39"}],"version-history":[{"count":1,"href":"http:\/\/taltosreklam.hu\/wordpress\/index.php\/wp-json\/wp\/v2\/pages\/39\/revisions"}],"predecessor-version":[{"id":330,"href":"http:\/\/taltosreklam.hu\/wordpress\/index.php\/wp-json\/wp\/v2\/pages\/39\/revisions\/330"}],"wp:attachment":[{"href":"http:\/\/taltosreklam.hu\/wordpress\/index.php\/wp-json\/wp\/v2\/media?parent=39"}],"curies":[{"name":"wp","href":"https:\/\/api.w.org\/{rel}","templated":true}]}}