{"id":17,"date":"2017-01-15T18:43:43","date_gmt":"2017-01-15T17:43:43","guid":{"rendered":"http:\/\/trdserver.myds.me\/wordpress\/?page_id=17"},"modified":"2017-04-18T13:19:40","modified_gmt":"2017-04-18T11:19:40","slug":"rolunk","status":"publish","type":"page","link":"https:\/\/taltosreklam.hu\/wordpress\/index.php\/rolunk\/","title":{"rendered":"R\u00f3lunk"},"content":{"rendered":"<p><span style=\"color: #000000;\">Az 1989-ben alap\u00edtott <strong>T\u00e1ltos Rekl\u00e1m Kft.<\/strong> a hazai rekl\u00e1mpiac egyik meghat\u00e1roz\u00f3, <strong>magyar tulajdon\u00fa rekl\u00e1m\u00fcgyn\u00f6ks\u00e9ge<\/strong>.<\/span><\/p>\n<p><span style=\"color: #000000;\">C\u00e9g\u00fcnk amellett, hogy \u00e1tfog\u00f3an ismeri haz\u00e1nk gazdas\u00e1gi helyzet\u00e9t, kultur\u00e1lis szok\u00e1sait \u00e9s attit\u0171djeit, nemzetk\u00f6zi sz\u00ednvonalon k\u00edn\u00e1l magyar megold\u00e1sokat.<\/span><\/p>\n<p><span style=\"color: #000000;\"><strong>Er\u0151ss\u00e9geink:<\/strong><\/span><\/p>\n<ul>\n<li><span style=\"color: #000000;\">\u00a0strat\u00e9giai gondolkod\u00e1sm\u00f3dunk,<\/span><\/li>\n<li><span style=\"color: #000000;\">\u00a0piacismeret\u00fcnk, \u00fcgyf\u00e9lk\u00f6zpont\u00fas\u00e1gunk,<\/span><\/li>\n<li><span style=\"color: #000000;\">\u00a0felk\u00e9sz\u00fclt \u00e9s tapasztalt szakembereink,<\/span><\/li>\n<li><span style=\"color: #000000;\">\u00a0az \u00fcgyn\u00f6ks\u00e9g\u00fcnk kapcsolatrendszere,<\/span><\/li>\n<li><span style=\"color: #000000;\">\u00a0rugalmass\u00e1g, frissess\u00e9g \u00e9s precizit\u00e1s.<\/span><\/li>\n<\/ul>\n<p><span style=\"color: #000000;\">N\u00e1lunk az \u00fcgyf\u00e9lk\u00f6zpont\u00fas\u00e1g, az \u00e9vtizedes tapasztalat, a szaktud\u00e1s, valamint a rekl\u00e1mpiac \u00e1tfog\u00f3 ismerete p\u00e1rosul a gyorsas\u00e1ggal, rugalmass\u00e1ggal \u00e9s a kreat\u00edv hr megold\u00e1sokkal.<\/span><\/p>\n<p>&nbsp;<\/p>\n","protected":false},"excerpt":{"rendered":"<p>Az 1989-ben alap\u00edtott T\u00e1ltos Rekl\u00e1m Kft. a hazai rekl\u00e1mpiac egyik meghat\u00e1roz\u00f3, magyar tulajdon\u00fa rekl\u00e1m\u00fcgyn\u00f6ks\u00e9ge. C\u00e9g\u00fcnk amellett, hogy \u00e1tfog\u00f3an ismeri haz\u00e1nk gazdas\u00e1gi helyzet\u00e9t, kultur\u00e1lis szok\u00e1sait \u00e9s attit\u0171djeit, nemzetk\u00f6zi sz\u00ednvonalon k\u00edn\u00e1l magyar megold\u00e1sokat. Er\u0151ss\u00e9geink: \u00a0strat\u00e9giai gondolkod\u00e1sm\u00f3dunk, \u00a0piacismeret\u00fcnk, \u00fcgyf\u00e9lk\u00f6zpont\u00fas\u00e1gunk, \u00a0felk\u00e9sz\u00fclt \u00e9s tapasztalt szakembereink, \u00a0az \u00fcgyn\u00f6ks\u00e9g\u00fcnk kapcsolatrendszere, \u00a0rugalmass\u00e1g, frissess\u00e9g \u00e9s precizit\u00e1s. N\u00e1lunk az \u00fcgyf\u00e9lk\u00f6zpont\u00fas\u00e1g, az \u00e9vtizedes tapasztalat, a szaktud\u00e1s, <a href=\"https:\/\/taltosreklam.hu\/wordpress\/index.php\/rolunk\/\" class=\"read-more inline\">Read More<\/a><\/p>\n","protected":false},"author":1,"featured_media":0,"parent":0,"menu_order":0,"comment_status":"closed","ping_status":"closed","template":"","meta":{"_mc_calendar":[],"footnotes":""},"class_list":["post-17","page","type-page","status-publish","hentry"],"_links":{"self":[{"href":"https:\/\/taltosreklam.hu\/wordpress\/index.php\/wp-json\/wp\/v2\/pages\/17","targetHints":{"allow":["GET"]}}],"collection":[{"href":"https:\/\/taltosreklam.hu\/wordpress\/index.php\/wp-json\/wp\/v2\/pages"}],"about":[{"href":"https:\/\/taltosreklam.hu\/wordpress\/index.php\/wp-json\/wp\/v2\/types\/page"}],"author":[{"embeddable":true,"href":"https:\/\/taltosreklam.hu\/wordpress\/index.php\/wp-json\/wp\/v2\/users\/1"}],"replies":[{"embeddable":true,"href":"https:\/\/taltosreklam.hu\/wordpress\/index.php\/wp-json\/wp\/v2\/comments?post=17"}],"version-history":[{"count":2,"href":"https:\/\/taltosreklam.hu\/wordpress\/index.php\/wp-json\/wp\/v2\/pages\/17\/revisions"}],"predecessor-version":[{"id":322,"href":"https:\/\/taltosreklam.hu\/wordpress\/index.php\/wp-json\/wp\/v2\/pages\/17\/revisions\/322"}],"wp:attachment":[{"href":"https:\/\/taltosreklam.hu\/wordpress\/index.php\/wp-json\/wp\/v2\/media?parent=17"}],"curies":[{"name":"wp","href":"https:\/\/api.w.org\/{rel}","templated":true}]}}