{"id":19,"date":"2017-01-15T18:44:19","date_gmt":"2017-01-15T17:44:19","guid":{"rendered":"http:\/\/trdserver.myds.me\/wordpress\/?page_id=19"},"modified":"2017-04-10T15:38:02","modified_gmt":"2017-04-10T14:38:02","slug":"szolgaltatasaink","status":"publish","type":"page","link":"https:\/\/taltosreklam.hu\/wordpress\/index.php\/szolgaltatasaink\/","title":{"rendered":"Szolg\u00e1ltat\u00e1saink"},"content":{"rendered":"<p><span style=\"color: #000000;\">C\u00e9g\u00fcnk teljes k\u00f6r\u0171 szolg\u00e1ltat\u00e1st k\u00edn\u00e1l, a tervez\u00e9st\u0151l kezdve a tan\u00e1csad\u00e1son \u00e1t a megval\u00f3s\u00edt\u00e1sig. A HR-oszt\u00e1lyokat seg\u00edt\u0151 hat\u00e9kony, c\u00e9lorient\u00e1lt, komplex szolg\u00e1ltat\u00e1sainkkal seg\u00edt\u00fcnk \u00dcgyfeleinknek a hirdet\u00e9si k\u00f6lts\u00e9geik optimaliz\u00e1l\u00e1s\u00e1ban, \u00fagy, hogy k\u00f6zben az eredm\u00e9nyess\u00e9gen fel\u00fcl id\u0151t \u00e9s energi\u00e1t takar\u00edtunk meg Nekik.<\/span><\/p>\n<p><span style=\"color: #000000;\">Az ig\u00e9nyek felt\u00e1r\u00e1s\u00e1t k\u00f6vet\u0151en egy\u00e9nre szabott, egyedi kamp\u00e1nyokat \u00e1ll\u00edtunk \u00f6ssze \u00dcgyfeleink r\u00e9sz\u00e9re, figyelembe v\u00e9ve az arculati \u00e9s a bels\u0151 el\u0151\u00edr\u00e1sokat.<\/span><\/p>\n<p><span style=\"color: #000000;\"><strong>Portf\u00f3li\u00f3nk<\/strong> az al\u00e1bbi nagyobb ter\u00fcletekre terjed ki:<\/span><\/p>\n<ol>\n<li><span style=\"color: #000000;\">Online szolg\u00e1ltat\u00e1sok\/ Social media jelenl\u00e9t<\/span><\/li>\n<li><span style=\"color: #000000;\">Print hirdet\u00e9si lehet\u0151s\u00e9gek<\/span><\/li>\n<li><span style=\"color: #000000;\">Outdoor megjelen\u00e9sek<\/span><\/li>\n<li><span style=\"color: #000000;\">R\u00e1di\u00f3k<\/span><\/li>\n<li><span style=\"color: #000000;\">Rendezv\u00e9nyek<\/span><\/li>\n<li><span style=\"color: #000000;\">Nyomdai megold\u00e1sok<\/span><\/li>\n<li><span style=\"color: #000000;\">Fels\u0151oktat\u00e1si jelenl\u00e9t<\/span><\/li>\n<li><span style=\"color: #000000;\">Egy\u00e9b hr lehet\u0151s\u00e9gek<\/span><\/li>\n<li><span style=\"color: #000000;\">Innovat\u00edv megold\u00e1sok<\/span><\/li>\n<\/ol>\n","protected":false},"excerpt":{"rendered":"<p>C\u00e9g\u00fcnk teljes k\u00f6r\u0171 szolg\u00e1ltat\u00e1st k\u00edn\u00e1l, a tervez\u00e9st\u0151l kezdve a tan\u00e1csad\u00e1son \u00e1t a megval\u00f3s\u00edt\u00e1sig. A HR-oszt\u00e1lyokat seg\u00edt\u0151 hat\u00e9kony, c\u00e9lorient\u00e1lt, komplex szolg\u00e1ltat\u00e1sainkkal seg\u00edt\u00fcnk \u00dcgyfeleinknek a hirdet\u00e9si k\u00f6lts\u00e9geik optimaliz\u00e1l\u00e1s\u00e1ban, \u00fagy, hogy k\u00f6zben az eredm\u00e9nyess\u00e9gen fel\u00fcl id\u0151t \u00e9s energi\u00e1t takar\u00edtunk meg Nekik. Az ig\u00e9nyek felt\u00e1r\u00e1s\u00e1t k\u00f6vet\u0151en egy\u00e9nre szabott, egyedi kamp\u00e1nyokat \u00e1ll\u00edtunk \u00f6ssze \u00dcgyfeleink r\u00e9sz\u00e9re, figyelembe v\u00e9ve az arculati \u00e9s <a href=\"https:\/\/taltosreklam.hu\/wordpress\/index.php\/szolgaltatasaink\/\" class=\"read-more inline\">Read More<\/a><\/p>\n","protected":false},"author":1,"featured_media":0,"parent":0,"menu_order":0,"comment_status":"closed","ping_status":"closed","template":"","meta":{"_mc_calendar":[],"footnotes":""},"class_list":["post-19","page","type-page","status-publish","hentry"],"_links":{"self":[{"href":"https:\/\/taltosreklam.hu\/wordpress\/index.php\/wp-json\/wp\/v2\/pages\/19","targetHints":{"allow":["GET"]}}],"collection":[{"href":"https:\/\/taltosreklam.hu\/wordpress\/index.php\/wp-json\/wp\/v2\/pages"}],"about":[{"href":"https:\/\/taltosreklam.hu\/wordpress\/index.php\/wp-json\/wp\/v2\/types\/page"}],"author":[{"embeddable":true,"href":"https:\/\/taltosreklam.hu\/wordpress\/index.php\/wp-json\/wp\/v2\/users\/1"}],"replies":[{"embeddable":true,"href":"https:\/\/taltosreklam.hu\/wordpress\/index.php\/wp-json\/wp\/v2\/comments?post=19"}],"version-history":[{"count":2,"href":"https:\/\/taltosreklam.hu\/wordpress\/index.php\/wp-json\/wp\/v2\/pages\/19\/revisions"}],"predecessor-version":[{"id":305,"href":"https:\/\/taltosreklam.hu\/wordpress\/index.php\/wp-json\/wp\/v2\/pages\/19\/revisions\/305"}],"wp:attachment":[{"href":"https:\/\/taltosreklam.hu\/wordpress\/index.php\/wp-json\/wp\/v2\/media?parent=19"}],"curies":[{"name":"wp","href":"https:\/\/api.w.org\/{rel}","templated":true}]}}