{"id":190,"date":"2017-01-15T19:50:07","date_gmt":"2017-01-15T18:50:07","guid":{"rendered":"http:\/\/trdserver.myds.me\/wordpress\/?page_id=41"},"modified":"2017-03-21T11:58:16","modified_gmt":"2017-03-21T10:58:16","slug":"hr-kommunikacio","status":"publish","type":"page","link":"https:\/\/taltosreklam.hu\/wordpress\/index.php\/hr-kommunikacio\/","title":{"rendered":"Klasszikus toborz\u00e1si megold\u00e1sok"},"content":{"rendered":"<p><em>Van egy meg\u00fcresedett poz\u00edci\u00f3ja, de nem tudja hol \u00e9s hogyan hirdessen? \u00c1r-\u00e9rt\u00e9k ar\u00e1nyban a lehet\u0151 leghat\u00e9konyabb megold\u00e1st keresi a hirdet\u00e9s felad\u00e1s\u00e1ra?<\/em><\/p>\n<p>Munkat\u00e1rsaink a c\u00e9g r\u00e9szletes ismeret\u00e9ben, \u00e9s a HR vezet\u0151 egy\u00e9ni ig\u00e9nyeinek t\u00fckr\u00e9ben tesz teljesk\u00f6r\u0171, szakmai javaslatot a poz\u00edci\u00f3 le\u00edr\u00e1s\u00e1t figyelembe v\u00e9ve a keres\u00e9si csatorn\u00e1k kiv\u00e1laszt\u00e1s\u00e1ra.<\/p>\n<ul>\n<li>Online szolg\u00e1ltat\u00e1sok\/Social media jelenl\u00e9t (blogok, f\u00f3rumok, szakmai \u00e9s tematikus oldalak)<\/li>\n<li>Print hirdet\u00e9si lehet\u0151s\u00e9gek (fizet\u0151s, \u00e9s\/vagy ingyenes magyar, valamint idegen nyelv\u0171 napi-, heti- \u00e9s havilapok, illetve region\u00e1lis kiadv\u00e1nyok, ingyenes lapok)<\/li>\n<\/ul>\n<p>\u00dcgyn\u00f6ks\u00e9g\u00fcnk kapcsolatban \u00e1ll a <strong>magyarorsz\u00e1gi, \u00e9s nemzetk\u00f6zi<\/strong> (Eur\u00f3pai Uni\u00f3 \u00e9s k\u00f6rnyez\u0151 orsz\u00e1gok) <strong>\u00e1ll\u00e1sport\u00e1lokkal<\/strong>.<\/p>\n<p>Munk\u00e1nk sor\u00e1n a magyarorsz\u00e1gi piacon fellelhet\u0151 valamennyi <strong>lok\u00e1lis, region\u00e1lis \u00e9s orsz\u00e1gos kiad\u00f3kkal<\/strong> m\u0171k\u00f6dt\u00fcnk m\u00e1r egy\u00fctt, mind hum\u00e1ner\u0151forr\u00e1s-toborz\u00e1s t\u00e1mogat\u00f3 tev\u00e9kenys\u00e9g tekintet\u00e9ben, mint egy\u00e9b image, pr megjelen\u00e9sek eset\u00e9ben.<\/p>\n","protected":false},"excerpt":{"rendered":"<p>Van egy meg\u00fcresedett poz\u00edci\u00f3ja, de nem tudja hol \u00e9s hogyan hirdessen? \u00c1r-\u00e9rt\u00e9k ar\u00e1nyban a lehet\u0151 leghat\u00e9konyabb megold\u00e1st keresi a hirdet\u00e9s felad\u00e1s\u00e1ra? Munkat\u00e1rsaink a c\u00e9g r\u00e9szletes ismeret\u00e9ben, \u00e9s a HR vezet\u0151 egy\u00e9ni ig\u00e9nyeinek t\u00fckr\u00e9ben tesz teljesk\u00f6r\u0171, szakmai javaslatot a poz\u00edci\u00f3 le\u00edr\u00e1s\u00e1t figyelembe v\u00e9ve a keres\u00e9si csatorn\u00e1k kiv\u00e1laszt\u00e1s\u00e1ra. Online szolg\u00e1ltat\u00e1sok\/Social media jelenl\u00e9t (blogok, f\u00f3rumok, szakmai \u00e9s tematikus <a href=\"https:\/\/taltosreklam.hu\/wordpress\/index.php\/hr-kommunikacio\/\" class=\"read-more inline\">Read More<\/a><\/p>\n","protected":false},"author":1,"featured_media":0,"parent":0,"menu_order":0,"comment_status":"closed","ping_status":"closed","template":"","meta":{"_mc_calendar":[],"footnotes":""},"class_list":["post-190","page","type-page","status-publish","hentry"],"_links":{"self":[{"href":"https:\/\/taltosreklam.hu\/wordpress\/index.php\/wp-json\/wp\/v2\/pages\/190","targetHints":{"allow":["GET"]}}],"collection":[{"href":"https:\/\/taltosreklam.hu\/wordpress\/index.php\/wp-json\/wp\/v2\/pages"}],"about":[{"href":"https:\/\/taltosreklam.hu\/wordpress\/index.php\/wp-json\/wp\/v2\/types\/page"}],"author":[{"embeddable":true,"href":"https:\/\/taltosreklam.hu\/wordpress\/index.php\/wp-json\/wp\/v2\/users\/1"}],"replies":[{"embeddable":true,"href":"https:\/\/taltosreklam.hu\/wordpress\/index.php\/wp-json\/wp\/v2\/comments?post=190"}],"version-history":[{"count":5,"href":"https:\/\/taltosreklam.hu\/wordpress\/index.php\/wp-json\/wp\/v2\/pages\/190\/revisions"}],"predecessor-version":[{"id":251,"href":"https:\/\/taltosreklam.hu\/wordpress\/index.php\/wp-json\/wp\/v2\/pages\/190\/revisions\/251"}],"wp:attachment":[{"href":"https:\/\/taltosreklam.hu\/wordpress\/index.php\/wp-json\/wp\/v2\/media?parent=190"}],"curies":[{"name":"wp","href":"https:\/\/api.w.org\/{rel}","templated":true}]}}