{"id":191,"date":"2017-01-15T19:50:37","date_gmt":"2017-01-15T18:50:37","guid":{"rendered":"http:\/\/trdserver.myds.me\/wordpress\/?page_id=43"},"modified":"2017-04-10T15:22:26","modified_gmt":"2017-04-10T14:22:26","slug":"reklamkommunikacio","status":"publish","type":"page","link":"https:\/\/taltosreklam.hu\/wordpress\/index.php\/reklamkommunikacio\/","title":{"rendered":"Rendezv\u00e9nyszervez\u00e9s\/ Kitelep\u00fcl\u00e9sek"},"content":{"rendered":"<p>K\u00e9szs\u00e9ggel \u00e1llunk \u00dcgyfeleink rendelkez\u00e9s\u00e9re c\u00e9ges bels\u0151 rendezv\u00e9nyek, illetve c\u00e9ges kitelep\u00fcl\u00e9sek tervez\u00e9s\u00e9ben \u00e9s\u00a0szervez\u00e9s\u00e9ben.<\/p>\n<p>Rendezv\u00e9nyek, kitelep\u00fcl\u00e9sek<\/p>\n<ul>\n<li>Konferenci\u00e1k<\/li>\n<li>Csapat\u00e9p\u00edt\u00e9s<\/li>\n<li>Partnernapok<\/li>\n<li>C\u00e9ges \u00e9vfordul\u00f3k<\/li>\n<li>Tal\u00e1lkoz\u00f3k<\/li>\n<li>Falunapok<\/li>\n<li>Gasztron\u00f3miai rendezv\u00e9nyek<\/li>\n<\/ul>\n<p>Egy\u00e9b k\u00e9rd\u00e9seikkel forduljanak Hozz\u00e1nk bizalommal.<\/p>\n","protected":false},"excerpt":{"rendered":"<p>K\u00e9szs\u00e9ggel \u00e1llunk \u00dcgyfeleink rendelkez\u00e9s\u00e9re c\u00e9ges bels\u0151 rendezv\u00e9nyek, illetve c\u00e9ges kitelep\u00fcl\u00e9sek tervez\u00e9s\u00e9ben \u00e9s\u00a0szervez\u00e9s\u00e9ben. Rendezv\u00e9nyek, kitelep\u00fcl\u00e9sek Konferenci\u00e1k Csapat\u00e9p\u00edt\u00e9s Partnernapok C\u00e9ges \u00e9vfordul\u00f3k Tal\u00e1lkoz\u00f3k Falunapok Gasztron\u00f3miai rendezv\u00e9nyek Egy\u00e9b k\u00e9rd\u00e9seikkel forduljanak Hozz\u00e1nk bizalommal.<\/p>\n","protected":false},"author":1,"featured_media":0,"parent":0,"menu_order":0,"comment_status":"closed","ping_status":"closed","template":"","meta":{"_mc_calendar":[],"footnotes":""},"class_list":["post-191","page","type-page","status-publish","hentry"],"_links":{"self":[{"href":"https:\/\/taltosreklam.hu\/wordpress\/index.php\/wp-json\/wp\/v2\/pages\/191","targetHints":{"allow":["GET"]}}],"collection":[{"href":"https:\/\/taltosreklam.hu\/wordpress\/index.php\/wp-json\/wp\/v2\/pages"}],"about":[{"href":"https:\/\/taltosreklam.hu\/wordpress\/index.php\/wp-json\/wp\/v2\/types\/page"}],"author":[{"embeddable":true,"href":"https:\/\/taltosreklam.hu\/wordpress\/index.php\/wp-json\/wp\/v2\/users\/1"}],"replies":[{"embeddable":true,"href":"https:\/\/taltosreklam.hu\/wordpress\/index.php\/wp-json\/wp\/v2\/comments?post=191"}],"version-history":[{"count":3,"href":"https:\/\/taltosreklam.hu\/wordpress\/index.php\/wp-json\/wp\/v2\/pages\/191\/revisions"}],"predecessor-version":[{"id":302,"href":"https:\/\/taltosreklam.hu\/wordpress\/index.php\/wp-json\/wp\/v2\/pages\/191\/revisions\/302"}],"wp:attachment":[{"href":"https:\/\/taltosreklam.hu\/wordpress\/index.php\/wp-json\/wp\/v2\/media?parent=191"}],"curies":[{"name":"wp","href":"https:\/\/api.w.org\/{rel}","templated":true}]}}