{"id":21,"date":"2017-01-15T18:44:39","date_gmt":"2017-01-15T17:44:39","guid":{"rendered":"http:\/\/trdserver.myds.me\/wordpress\/?page_id=21"},"modified":"2017-04-18T15:06:56","modified_gmt":"2017-04-18T13:06:56","slug":"kapcsolat","status":"publish","type":"page","link":"https:\/\/taltosreklam.hu\/wordpress\/index.php\/kapcsolat\/","title":{"rendered":"Kapcsolat"},"content":{"rendered":"<p style=\"text-align: left;\"><span style=\"color: #000000;\"><strong>C\u00edm:<\/strong><br \/>\n<\/span><span style=\"color: #000000;\">1123, Gy\u0151ri \u00fat 20.<br \/>\nBudapest, Magyarorsz\u00e1g<br \/>\n<\/span><\/p>\n<p><strong><span style=\"color: #000000;\">E-mail:<\/span><\/strong><br \/>\n<span style=\"color: #000000;\">info@taltosreklam.hu<\/span><\/p>\n<p><strong><span style=\"color: #000000;\">Telefonsz\u00e1m:<\/span><\/strong><br \/>\n<span style=\"color: #000000;\">+36 1 487-7080<\/span><br \/>\n<span style=\"color: #000000;\"><strong>Fax:<\/strong><br \/>\n+36 1 487-7081<\/p>\n<p><\/span><\/p>\n<p style=\"text-align: left;\">\u00a0<iframe loading=\"lazy\" style=\"border: 0px none;\" src=\"https:\/\/www.google.com\/maps\/embed?pb=!1m18!1m12!1m3!1d2695.962885781414!2d19.02422991523136!3d47.49063637917717!2m3!1f0!2f0!3f0!3m2!1i1024!2i768!4f13.1!3m3!1m2!1s0x4741dc2efc3dd05f%3A0x590fedc770640dfb!2zQnVkYXBlc3QsIEd5xZFyaSDDunQgMjAsIDExMjM!5e0!3m2!1shu!2shu!4v1485368540187\" width=\"600\" height=\"450\" frameborder=\"0\" allowfullscreen=\"allowfullscreen\"><\/iframe><\/p>\n","protected":false},"excerpt":{"rendered":"<p>C\u00edm: 1123, Gy\u0151ri \u00fat 20. Budapest, Magyarorsz\u00e1g E-mail: info@taltosreklam.hu Telefonsz\u00e1m: +36 1 487-7080 Fax: +36 1 487-7081 \u00a0<\/p>\n","protected":false},"author":1,"featured_media":0,"parent":0,"menu_order":0,"comment_status":"closed","ping_status":"closed","template":"","meta":{"_mc_calendar":[],"footnotes":""},"class_list":["post-21","page","type-page","status-publish","hentry"],"_links":{"self":[{"href":"https:\/\/taltosreklam.hu\/wordpress\/index.php\/wp-json\/wp\/v2\/pages\/21","targetHints":{"allow":["GET"]}}],"collection":[{"href":"https:\/\/taltosreklam.hu\/wordpress\/index.php\/wp-json\/wp\/v2\/pages"}],"about":[{"href":"https:\/\/taltosreklam.hu\/wordpress\/index.php\/wp-json\/wp\/v2\/types\/page"}],"author":[{"embeddable":true,"href":"https:\/\/taltosreklam.hu\/wordpress\/index.php\/wp-json\/wp\/v2\/users\/1"}],"replies":[{"embeddable":true,"href":"https:\/\/taltosreklam.hu\/wordpress\/index.php\/wp-json\/wp\/v2\/comments?post=21"}],"version-history":[{"count":1,"href":"https:\/\/taltosreklam.hu\/wordpress\/index.php\/wp-json\/wp\/v2\/pages\/21\/revisions"}],"predecessor-version":[{"id":329,"href":"https:\/\/taltosreklam.hu\/wordpress\/index.php\/wp-json\/wp\/v2\/pages\/21\/revisions\/329"}],"wp:attachment":[{"href":"https:\/\/taltosreklam.hu\/wordpress\/index.php\/wp-json\/wp\/v2\/media?parent=21"}],"curies":[{"name":"wp","href":"https:\/\/api.w.org\/{rel}","templated":true}]}}