{"id":88,"date":"2017-01-26T13:11:45","date_gmt":"2017-01-26T12:11:45","guid":{"rendered":"http:\/\/trdserver.myds.me\/wordpress\/?page_id=88"},"modified":"2017-04-18T14:37:29","modified_gmt":"2017-04-18T12:37:29","slug":"egyeb-hr-lehetosegek","status":"publish","type":"page","link":"https:\/\/taltosreklam.hu\/wordpress\/index.php\/egyeb-hr-lehetosegek\/","title":{"rendered":"Hr branding lehet\u0151s\u00e9gek"},"content":{"rendered":"<p><span style=\"color: #000000;\"><em>\u00daj utakat keresne a munkaer\u0151-toborz\u00e1s vil\u00e1g\u00e1ban? Vagy szeretn\u00e9 sz\u00e9lesk\u00f6rben n\u00e9pszer\u0171s\u00edteni v\u00e1llalkoz\u00e1s\u00e1t?<\/em> <\/span><\/p>\n<p><span style=\"color: #000000;\">Toborz\u00e1skor a hr branding \u00e9s a marketing egy\u00fcttm\u0171k\u00f6d\u00e9s\u00e9nek jegy\u00e9ben javasoljuk az <strong>outdoor hirdet\u00e9si fel\u00fcletek<\/strong> alkalmaz\u00e1s\u00e1t\u00a0 is, hiszen \u00edgy a k\u00e9t ter\u00fclet egym\u00e1st er\u0151s\u00edt\u0151 hat\u00e1sa j\u00f3t\u00e9kony befoly\u00e1ssal van a jelentkez\u0151i sz\u00e1m n\u00f6vel\u00e9s\u00e9re. A fel\u00fcletv\u00e1laszt\u00e1s \u00e9s a helysz\u00edn optimaliz\u00e1l\u00e1sa \u00e9rdek\u00e9ben folyamatosan figyelj\u00fck a trendeket \u00e9s javaslatot tesz\u00fcnk a legmegfelel\u0151bb hirdet\u00e9si id\u0151szakra, eszk\u00f6z\u00f6kre \u00e9s helysz\u00ednekre.<\/span><\/p>\n<p><strong><span style=\"color: #000000;\">Outdoor megjelen\u00e9sek<\/span><\/strong><\/p>\n<ul>\n<li><span style=\"color: #000000;\">Pl\u00e1za \u00e9s metr\u00f3hirdet\u00e9sek<\/span><\/li>\n<li><span style=\"color: #000000;\">Sz\u00f3r\u00f3lapoz\u00e1s<\/span><\/li>\n<li><span style=\"color: #000000;\">Citylight \u00e9s \u00d3ri\u00e1splak\u00e1t hirdet\u00e9sek<\/span><\/li>\n<\/ul>\n<p><span style=\"color: #000000;\">Az<strong> orsz\u00e1gos, \u00e9s helyi r\u00e1di\u00f3kban <\/strong>t\u00f6rt\u00e9n\u0151 megjelen\u00e9ssel is \u00dcgyfeleink seg\u00edts\u00e9g\u00e9re tudunk lenni. Azon poz\u00edci\u00f3k eset\u00e9ben, melyek egy bizonyos r\u00e9gi\u00f3ra, telep\u00fcl\u00e9sre koncentr\u00e1l\u00f3dnak, \u00e9s a nem, kor \u00e9s v\u00e9gzetts\u00e9g tekintet\u00e9ben sz\u00e9lesk\u00f6r\u0171 csoportot c\u00e9loznak meg, r\u00f6vid spot hirdet\u00e9sek alkalmaz\u00e1s\u00e1t javasoljuk.<\/span><\/p>\n<p><span style=\"color: #000000;\">Az orsz\u00e1g jelent\u0151sebb f\u0151iskol\u00e1ival \u00e9s egyetemeivel is akt\u00edv kapcsolatban \u00e1llunk, \u00edgy biztos\u00edtva lehet\u0151s\u00e9get a k\u00fcl\u00f6nb\u00f6z\u0151 megjelen\u00e9si form\u00e1kra az egyes<strong> fels\u0151oktat\u00e1si int\u00e9zm\u00e9nyek<\/strong> karain (hirdet\u0151fal, online fel\u00fcletek, h\u00edrlevelek, iskolai kiadv\u00e1nyok\u2026).<\/span><\/p>\n<p><span style=\"color: #000000;\"><strong>Az \u00c1ll\u00e1sb\u00f6rz\u00e9k<\/strong> eset\u00e9ben nem csak a rendezv\u00e9nyen t\u00f6rt\u00e9n\u0151 r\u00e9szv\u00e9telt biztos\u00edtjuk, hanem a megjelen\u00e9shez sz\u00fcks\u00e9ges teljes technikai h\u00e1tteret, \u00edgy a displayek, roll up-ok, pup-up falak, prezent\u00e1ci\u00f3s aj\u00e1nd\u00e9kok (pl.: tollak, s\u00edb\u00e9rlettart\u00f3k, f\u00fclhallgat\u00f3k\u2026) arculatnak megfelel\u0151 tervez\u00e9s\u00e9t \u00e9s gy\u00e1rt\u00e1s\u00e1t, valamint flyerek, sz\u00f3r\u00f3lapok, kiadv\u00e1nyok tervez\u00e9s\u00e9t \u00e9s gy\u00e1rt\u00e1s\u00e1t, illetve a b\u00f6rzekiadv\u00e1nyokban t\u00f6rt\u00e9n\u0151 megjelen\u00e9st is, valamint egyedi install\u00e1ci\u00f3k seg\u00edts\u00e9g\u00e9vel is n\u00f6velhetj\u00fck a r\u00e9szv\u00e9tel eredm\u00e9nyess\u00e9g\u00e9t.<\/span><\/p>\n<p><span style=\"color: #000000;\"><strong>Nyomdai kapcsolatainknak<\/strong> k\u00f6sz\u00f6nhet\u0151en, a hr-t\u0151l elt\u00e9r\u0151 ter\u00fcleteken is versenyk\u00e9pes \u00e1ron, \u00e9s kiv\u00e1l\u00f3 min\u0151s\u00e9gben gy\u00e1rtunk prospektusokat, sz\u00f3r\u00f3lapokat, <strong>c\u00e9ges lev\u00e9lpap\u00edrt, bor\u00edt\u00e9kot, n\u00e9vjegyk\u00e1rty\u00e1t<\/strong>, valamint egy\u00e9b produkci\u00f3s munk\u00e1kban is seg\u00edtj\u00fck \u00dcgyfeleink munk\u00e1j\u00e1t.<\/span><\/p>\n<p><span style=\"color: #000000;\">C\u00e9gt\u00edpust\u00f3l, \u00e9s alkalomt\u00f3l f\u00fcgg\u0151en (pl.: mikul\u00e1s, csal\u00e1di rendezv\u00e9ny, egy\u00e9b c\u00e9ges csapat\u00e9p\u00edt\u0151 rendezv\u00e9nyek) tesz\u00fcnk aj\u00e1nlatot term\u00e9kekre, illetve ig\u00e9ny eset\u00e9n katal\u00f3gust k\u00fcld\u00fcnk, melyb\u0151l az \u00fcgyf\u00e9l v\u00e1laszthat az adott esem\u00e9nyre legink\u00e1bb ill\u0151 <strong>rekl\u00e1maj\u00e1nd\u00e9kok<\/strong> k\u00f6z\u00fcl. Brandingelt, egyedi csomagol\u00e1s\u00fa rekl\u00e1m\u00e9dess\u00e9gekkel (pl.: cukorka, csokol\u00e1d\u00e9, desszert, szaloncukor) is \u00e1llunk az \u00dcgyfeleink rendelkez\u00e9s\u00e9re. Szervezeti h\u00e1tter\u00fcnk r\u00e9v\u00e9n az egyedi elv\u00e1r\u00e1sokat is rugalmasan kezelj\u00fck. Igyeksz\u00fcnk a felmer\u00fcl\u0151 ig\u00e9nyeket a lehet\u0151 leggyorsabban \u00e9s legpontosabban, magas sz\u00ednvonalon kiel\u00e9g\u00edteni.<\/span><\/p>\n<p><span style=\"color: #000000;\">Tov\u00e1bb\u00e1 seg\u00edts\u00e9get ny\u00fajtunk a hum\u00e1ner\u0151forr\u00e1s\u00e9rt felel\u0151s munkat\u00e1rsak k\u00e9pz\u00e9s\u00e9ben (pl: Social Talent\u2026), \u00e9s a k\u00fcl\u00f6nb\u00f6z\u0151 tr\u00e9ningek megszervez\u00e9s\u00e9ben, valamint a\u00a0gamification ter\u00fclet\u00e9n is \u00e1llunk \u00dcgyfeleink rendelkez\u00e9s\u00e9re.\u00a0<\/span><\/p>\n","protected":false},"excerpt":{"rendered":"<p>\u00daj utakat keresne a munkaer\u0151-toborz\u00e1s vil\u00e1g\u00e1ban? Vagy szeretn\u00e9 sz\u00e9lesk\u00f6rben n\u00e9pszer\u0171s\u00edteni v\u00e1llalkoz\u00e1s\u00e1t? Toborz\u00e1skor a hr branding \u00e9s a marketing egy\u00fcttm\u0171k\u00f6d\u00e9s\u00e9nek jegy\u00e9ben javasoljuk az outdoor hirdet\u00e9si fel\u00fcletek alkalmaz\u00e1s\u00e1t\u00a0 is, hiszen \u00edgy a k\u00e9t ter\u00fclet egym\u00e1st er\u0151s\u00edt\u0151 hat\u00e1sa j\u00f3t\u00e9kony befoly\u00e1ssal van a jelentkez\u0151i sz\u00e1m n\u00f6vel\u00e9s\u00e9re. A fel\u00fcletv\u00e1laszt\u00e1s \u00e9s a helysz\u00edn optimaliz\u00e1l\u00e1sa \u00e9rdek\u00e9ben folyamatosan figyelj\u00fck a trendeket \u00e9s javaslatot <a href=\"https:\/\/taltosreklam.hu\/wordpress\/index.php\/egyeb-hr-lehetosegek\/\" class=\"read-more inline\">Read More<\/a><\/p>\n","protected":false},"author":1,"featured_media":0,"parent":0,"menu_order":0,"comment_status":"closed","ping_status":"closed","template":"","meta":{"_mc_calendar":[],"footnotes":""},"class_list":["post-88","page","type-page","status-publish","hentry"],"_links":{"self":[{"href":"https:\/\/taltosreklam.hu\/wordpress\/index.php\/wp-json\/wp\/v2\/pages\/88","targetHints":{"allow":["GET"]}}],"collection":[{"href":"https:\/\/taltosreklam.hu\/wordpress\/index.php\/wp-json\/wp\/v2\/pages"}],"about":[{"href":"https:\/\/taltosreklam.hu\/wordpress\/index.php\/wp-json\/wp\/v2\/types\/page"}],"author":[{"embeddable":true,"href":"https:\/\/taltosreklam.hu\/wordpress\/index.php\/wp-json\/wp\/v2\/users\/1"}],"replies":[{"embeddable":true,"href":"https:\/\/taltosreklam.hu\/wordpress\/index.php\/wp-json\/wp\/v2\/comments?post=88"}],"version-history":[{"count":5,"href":"https:\/\/taltosreklam.hu\/wordpress\/index.php\/wp-json\/wp\/v2\/pages\/88\/revisions"}],"predecessor-version":[{"id":325,"href":"https:\/\/taltosreklam.hu\/wordpress\/index.php\/wp-json\/wp\/v2\/pages\/88\/revisions\/325"}],"wp:attachment":[{"href":"https:\/\/taltosreklam.hu\/wordpress\/index.php\/wp-json\/wp\/v2\/media?parent=88"}],"curies":[{"name":"wp","href":"https:\/\/api.w.org\/{rel}","templated":true}]}}